{"id":3181,"date":"2020-01-18T09:49:14","date_gmt":"2020-01-18T07:49:14","guid":{"rendered":"http:\/\/envasquim.com\/contacto\/"},"modified":"2021-10-27T11:40:56","modified_gmt":"2021-10-27T09:40:56","slug":"contacte","status":"publish","type":"page","link":"https:\/\/envasquim.com\/ca\/contacte\/","title":{"rendered":"Contacte"},"content":{"rendered":"<div class=\"wpb-content-wrapper\"><p>[vc_row css=&#8221;.vc_custom_1633523926123{padding-top: 80px !important;padding-bottom: 100px !important;}&#8221;][vc_column width=&#8221;1\/2&#8243;]<div id=\"ultimate-heading-872169d892ecb7c0f\" class=\"uvc-heading ult-adjust-bottom-margin ultimate-heading-872169d892ecb7c0f uvc-9316 accent-border-color\" data-hspacer=\"line_only\"  data-halign=\"left\" style=\"text-align:left\"><div class=\"uvc-main-heading ult-responsive\"  data-ultimate-target='.uvc-heading.ultimate-heading-872169d892ecb7c0f h4'  data-responsive-json-new='{\"font-size\":\"desktop:24px;\",\"line-height\":\"desktop:34px;\"}' ><h4 style=\"font-weight:bold;margin-bottom:15px;\">Contacta amb nosaltres<\/h4><\/div><div class=\"uvc-heading-spacer line_only\" style=\"margin-bottom:30px;height:2px;\"><span class=\"uvc-headings-line\" style=\"border-style:solid;border-bottom-width:2px;border-color:;width:150px;\"><\/span><\/div><div class=\"uvc-sub-heading ult-responsive\"  data-ultimate-target='.uvc-heading.ultimate-heading-872169d892ecb7c0f .uvc-sub-heading '  data-responsive-json-new='{\"font-size\":\"\",\"line-height\":\"\"}'  style=\"font-weight:bold;\">Si tens dubtes o necessites pressupost, omple el formulari que trobar\u00e0s en aquesta p\u00e0gina o contacta amb nosaltres per correu o per tel\u00e8fon. En breu ens posarem en contacte amb tu.<\/div><\/div>[vc_empty_space]<style type=\"text\/css\" data-type=\"the7_shortcodes-inline-css\">.icon-with-text-shortcode.icon-text-id-bbc5edb230596ffd3790b82d9def618d .text-icon {\n  width: 30px;\n  height: 30px;\n  line-height: 30px;\n  font-size: 24px;\n  border-radius: 10px;\n  margin: 0px 10px 10px 0px;\n}\n.icon-with-text-shortcode.icon-text-id-bbc5edb230596ffd3790b82d9def618d .text-icon .icon-inner {\n  min-width: 30px;\n  min-height: 30px;\n  border-radius: 10px;\n}\n@media all and (-ms-high-contrast: none) {\n  .icon-with-text-shortcode.icon-text-id-bbc5edb230596ffd3790b82d9def618d .text-icon .icon-inner {\n    height: 30px;\n  }\n}\n.icon-with-text-shortcode.icon-text-id-bbc5edb230596ffd3790b82d9def618d .text-icon .dt-hover-icon {\n  line-height: 30px;\n}\n.icon-with-text-shortcode.icon-text-id-bbc5edb230596ffd3790b82d9def618d .text-icon:before,\n.icon-with-text-shortcode.icon-text-id-bbc5edb230596ffd3790b82d9def618d .text-icon:after,\n.icon-with-text-shortcode.icon-text-id-bbc5edb230596ffd3790b82d9def618d .text-icon .icon-inner:before,\n.icon-with-text-shortcode.icon-text-id-bbc5edb230596ffd3790b82d9def618d .text-icon .icon-inner:after {\n  min-width: 100%;\n  min-height: 100%;\n  padding: inherit;\n  border-radius: inherit;\n}\n.icon-with-text-shortcode.icon-text-id-bbc5edb230596ffd3790b82d9def618d .text-icon.dt-icon-border-on:before {\n  border-width: 2px;\n  border-style: solid;\n}\n.dt-icon-border-dashed.icon-with-text-shortcode.icon-text-id-bbc5edb230596ffd3790b82d9def618d .text-icon.dt-icon-border-on:before {\n  border-style: dashed;\n}\n.dt-icon-border-dotted.icon-with-text-shortcode.icon-text-id-bbc5edb230596ffd3790b82d9def618d .text-icon.dt-icon-border-on:before {\n  border-style: dotted;\n}\n.dt-icon-border-double.icon-with-text-shortcode.icon-text-id-bbc5edb230596ffd3790b82d9def618d .text-icon.dt-icon-border-on:before {\n  border-style: double;\n}\n.icon-with-text-shortcode.icon-text-id-bbc5edb230596ffd3790b82d9def618d .text-icon.dt-icon-border-dashed.dt-icon-border-on:before {\n  border-style: dashed;\n}\n.icon-with-text-shortcode.icon-text-id-bbc5edb230596ffd3790b82d9def618d .text-icon.dt-icon-border-dotted.dt-icon-border-on:before {\n  border-style: dotted;\n}\n.icon-with-text-shortcode.icon-text-id-bbc5edb230596ffd3790b82d9def618d .text-icon.dt-icon-border-double.dt-icon-border-on:before {\n  border-style: double;\n}\n.icon-with-text-shortcode.icon-text-id-bbc5edb230596ffd3790b82d9def618d .text-icon.dt-icon-hover-border-on:after {\n  border-width: 2px;\n  border-style: solid;\n}\n.icon-with-text-shortcode.icon-text-id-bbc5edb230596ffd3790b82d9def618d .text-icon.dt-icon-border-dashed.dt-icon-hover-border-on:after {\n  border-style: dashed;\n}\n.icon-with-text-shortcode.icon-text-id-bbc5edb230596ffd3790b82d9def618d .text-icon.dt-icon-border-dotted.dt-icon-hover-border-on:after {\n  border-style: dotted;\n}\n.icon-with-text-shortcode.icon-text-id-bbc5edb230596ffd3790b82d9def618d .text-icon.dt-icon-border-double.dt-icon-hover-border-on:after {\n  border-style: double;\n}\n.icon-with-text-shortcode.icon-text-id-bbc5edb230596ffd3790b82d9def618d .text-icon.dt-icon-hover-on:hover {\n  font-size: 24px;\n}\n#page .icon-with-text-shortcode.icon-text-id-bbc5edb230596ffd3790b82d9def618d .text-icon.dt-icon-hover-on:hover .soc-font-icon,\n#phantom .icon-with-text-shortcode.icon-text-id-bbc5edb230596ffd3790b82d9def618d .text-icon.dt-icon-hover-on:hover .soc-font-icon,\n#page .icon-with-text-shortcode.icon-text-id-bbc5edb230596ffd3790b82d9def618d .text-icon.dt-icon-hover-on:hover .soc-icon,\n#phantom .icon-with-text-shortcode.icon-text-id-bbc5edb230596ffd3790b82d9def618d .text-icon.dt-icon-hover-on:hover .soc-icon {\n  color: #fff;\n  background: none;\n}\n.icon-with-text-shortcode.icon-text-id-bbc5edb230596ffd3790b82d9def618d.layout-1 {\n  grid-template-columns: 30px minmax(0,1fr);\n  grid-column-gap: 10px;\n}\n.icon-with-text-shortcode.icon-text-id-bbc5edb230596ffd3790b82d9def618d.layout-2 {\n  grid-template-columns: minmax(0,1fr) 30px;\n  grid-column-gap: 0px;\n}\n.icon-with-text-shortcode.icon-text-id-bbc5edb230596ffd3790b82d9def618d.layout-2 .text-icon {\n  margin-left: 0;\n}\n.icon-with-text-shortcode.icon-text-id-bbc5edb230596ffd3790b82d9def618d.layout-3 {\n  grid-template-columns: 30px minmax(0,1fr);\n}\n.icon-with-text-shortcode.icon-text-id-bbc5edb230596ffd3790b82d9def618d.layout-3 .dt-text-title {\n  margin-left: 10px;\n}\n.icon-with-text-shortcode.icon-text-id-bbc5edb230596ffd3790b82d9def618d .dt-text-title,\n.icon-with-text-shortcode.icon-text-id-bbc5edb230596ffd3790b82d9def618d .dt-text-title a {\n  color: #b2aeae;\n  background: none;\n  font-size: 14px;\n  line-height: 26px;\n  font-weight: bold;\n  text-transform: uppercase;\n}\n.icon-with-text-shortcode.icon-text-id-bbc5edb230596ffd3790b82d9def618d .dt-text-title {\n  margin-bottom: 0px;\n}\n.icon-with-text-shortcode.icon-text-id-bbc5edb230596ffd3790b82d9def618d .dt-text-desc {\n  color: #333333;\n  background: none;\n  margin-bottom: 0px;\n}\n<\/style><div class=\"icon-with-text-shortcode  icon-text-id-bbc5edb230596ffd3790b82d9def618d layout-1  vc_custom_1633524121452 \" ><span   class=\"text-icon dt-icon-bg-off dt-icon-hover-off\" ><span class=\"icon-inner\"><i class=\"dt-regular-icon soc-icon icomoon-the7-font-the7-map-02\"><\/i><i class=\"dt-hover-icon soc-icon icomoon-the7-font-the7-map-02\"><\/i><\/span><\/span><h5 class=\"dt-text-title\"  >ADRE\u00c7A<\/h5><div class=\"dt-text-desc\">Olzinelles, 23 - 17404 Riells i Viabrea (Girona)<\/div><\/div><style type=\"text\/css\" data-type=\"the7_shortcodes-inline-css\">.icon-with-text-shortcode.icon-text-id-38a84c8abbe57de18459c5d1d892e75c .text-icon {\n  width: 30px;\n  height: 30px;\n  line-height: 30px;\n  font-size: 24px;\n  border-radius: 1px;\n  margin: 0px 10px 10px 0px;\n}\n.icon-with-text-shortcode.icon-text-id-38a84c8abbe57de18459c5d1d892e75c .text-icon .icon-inner {\n  min-width: 30px;\n  min-height: 30px;\n  border-radius: 1px;\n}\n@media all and (-ms-high-contrast: none) {\n  .icon-with-text-shortcode.icon-text-id-38a84c8abbe57de18459c5d1d892e75c .text-icon .icon-inner {\n    height: 30px;\n  }\n}\n.icon-with-text-shortcode.icon-text-id-38a84c8abbe57de18459c5d1d892e75c .text-icon .dt-hover-icon {\n  line-height: 30px;\n}\n.icon-with-text-shortcode.icon-text-id-38a84c8abbe57de18459c5d1d892e75c .text-icon:before,\n.icon-with-text-shortcode.icon-text-id-38a84c8abbe57de18459c5d1d892e75c .text-icon:after,\n.icon-with-text-shortcode.icon-text-id-38a84c8abbe57de18459c5d1d892e75c .text-icon .icon-inner:before,\n.icon-with-text-shortcode.icon-text-id-38a84c8abbe57de18459c5d1d892e75c .text-icon .icon-inner:after {\n  min-width: 100%;\n  min-height: 100%;\n  padding: inherit;\n  border-radius: inherit;\n}\n.icon-with-text-shortcode.icon-text-id-38a84c8abbe57de18459c5d1d892e75c .text-icon.dt-icon-border-on:before {\n  border-width: 2px;\n  border-style: solid;\n}\n.dt-icon-border-dashed.icon-with-text-shortcode.icon-text-id-38a84c8abbe57de18459c5d1d892e75c .text-icon.dt-icon-border-on:before {\n  border-style: dashed;\n}\n.dt-icon-border-dotted.icon-with-text-shortcode.icon-text-id-38a84c8abbe57de18459c5d1d892e75c .text-icon.dt-icon-border-on:before {\n  border-style: dotted;\n}\n.dt-icon-border-double.icon-with-text-shortcode.icon-text-id-38a84c8abbe57de18459c5d1d892e75c .text-icon.dt-icon-border-on:before {\n  border-style: double;\n}\n.icon-with-text-shortcode.icon-text-id-38a84c8abbe57de18459c5d1d892e75c .text-icon.dt-icon-border-dashed.dt-icon-border-on:before {\n  border-style: dashed;\n}\n.icon-with-text-shortcode.icon-text-id-38a84c8abbe57de18459c5d1d892e75c .text-icon.dt-icon-border-dotted.dt-icon-border-on:before {\n  border-style: dotted;\n}\n.icon-with-text-shortcode.icon-text-id-38a84c8abbe57de18459c5d1d892e75c .text-icon.dt-icon-border-double.dt-icon-border-on:before {\n  border-style: double;\n}\n.icon-with-text-shortcode.icon-text-id-38a84c8abbe57de18459c5d1d892e75c .text-icon.dt-icon-hover-border-on:after {\n  border-width: 2px;\n  border-style: solid;\n}\n.icon-with-text-shortcode.icon-text-id-38a84c8abbe57de18459c5d1d892e75c .text-icon.dt-icon-border-dashed.dt-icon-hover-border-on:after {\n  border-style: dashed;\n}\n.icon-with-text-shortcode.icon-text-id-38a84c8abbe57de18459c5d1d892e75c .text-icon.dt-icon-border-dotted.dt-icon-hover-border-on:after {\n  border-style: dotted;\n}\n.icon-with-text-shortcode.icon-text-id-38a84c8abbe57de18459c5d1d892e75c .text-icon.dt-icon-border-double.dt-icon-hover-border-on:after {\n  border-style: double;\n}\n.icon-with-text-shortcode.icon-text-id-38a84c8abbe57de18459c5d1d892e75c .text-icon.dt-icon-hover-on:hover {\n  font-size: 24px;\n}\n#page .icon-with-text-shortcode.icon-text-id-38a84c8abbe57de18459c5d1d892e75c .text-icon.dt-icon-hover-on:hover .soc-font-icon,\n#phantom .icon-with-text-shortcode.icon-text-id-38a84c8abbe57de18459c5d1d892e75c .text-icon.dt-icon-hover-on:hover .soc-font-icon,\n#page .icon-with-text-shortcode.icon-text-id-38a84c8abbe57de18459c5d1d892e75c .text-icon.dt-icon-hover-on:hover .soc-icon,\n#phantom .icon-with-text-shortcode.icon-text-id-38a84c8abbe57de18459c5d1d892e75c .text-icon.dt-icon-hover-on:hover .soc-icon {\n  color: #fff;\n  background: none;\n}\n.icon-with-text-shortcode.icon-text-id-38a84c8abbe57de18459c5d1d892e75c.layout-1 {\n  grid-template-columns: 30px minmax(0,1fr);\n  grid-column-gap: 10px;\n}\n.icon-with-text-shortcode.icon-text-id-38a84c8abbe57de18459c5d1d892e75c.layout-2 {\n  grid-template-columns: minmax(0,1fr) 30px;\n  grid-column-gap: 0px;\n}\n.icon-with-text-shortcode.icon-text-id-38a84c8abbe57de18459c5d1d892e75c.layout-2 .text-icon {\n  margin-left: 0;\n}\n.icon-with-text-shortcode.icon-text-id-38a84c8abbe57de18459c5d1d892e75c.layout-3 {\n  grid-template-columns: 30px minmax(0,1fr);\n}\n.icon-with-text-shortcode.icon-text-id-38a84c8abbe57de18459c5d1d892e75c.layout-3 .dt-text-title {\n  margin-left: 10px;\n}\n.icon-with-text-shortcode.icon-text-id-38a84c8abbe57de18459c5d1d892e75c .dt-text-title,\n.icon-with-text-shortcode.icon-text-id-38a84c8abbe57de18459c5d1d892e75c .dt-text-title a {\n  color: #b2aeae;\n  background: none;\n  font-size: 14px;\n  line-height: 26px;\n  font-weight: bold;\n  text-transform: uppercase;\n}\n.icon-with-text-shortcode.icon-text-id-38a84c8abbe57de18459c5d1d892e75c .dt-text-title {\n  margin-bottom: 0px;\n}\n.icon-with-text-shortcode.icon-text-id-38a84c8abbe57de18459c5d1d892e75c .dt-text-desc {\n  color: #333333;\n  background: none;\n  margin-bottom: 0px;\n}\n<\/style><div class=\"icon-with-text-shortcode  icon-text-id-38a84c8abbe57de18459c5d1d892e75c layout-1  vc_custom_1635327651889 \" ><span   class=\"text-icon dt-icon-bg-off dt-icon-hover-off\" ><span class=\"icon-inner\"><i class=\"dt-regular-icon soc-icon icomoon-the7-font-the7-phone-04\"><\/i><i class=\"dt-hover-icon soc-icon icomoon-the7-font-the7-phone-04\"><\/i><\/span><\/span><h5 class=\"dt-text-title\"  >TEL\u00c8FON<\/h5><div class=\"dt-text-desc\">93.847.18.65<\/div><\/div><style type=\"text\/css\" data-type=\"the7_shortcodes-inline-css\">.icon-with-text-shortcode.icon-text-id-e64fc50a1ef359ca05fc8676ed926f5d .text-icon {\n  width: 30px;\n  height: 30px;\n  line-height: 30px;\n  font-size: 24px;\n  border-radius: 10px;\n  margin: 0px 10px 10px 0px;\n}\n.icon-with-text-shortcode.icon-text-id-e64fc50a1ef359ca05fc8676ed926f5d .text-icon .icon-inner {\n  min-width: 30px;\n  min-height: 30px;\n  border-radius: 10px;\n}\n@media all and (-ms-high-contrast: none) {\n  .icon-with-text-shortcode.icon-text-id-e64fc50a1ef359ca05fc8676ed926f5d .text-icon .icon-inner {\n    height: 30px;\n  }\n}\n.icon-with-text-shortcode.icon-text-id-e64fc50a1ef359ca05fc8676ed926f5d .text-icon .dt-hover-icon {\n  line-height: 30px;\n}\n.icon-with-text-shortcode.icon-text-id-e64fc50a1ef359ca05fc8676ed926f5d .text-icon:before,\n.icon-with-text-shortcode.icon-text-id-e64fc50a1ef359ca05fc8676ed926f5d .text-icon:after,\n.icon-with-text-shortcode.icon-text-id-e64fc50a1ef359ca05fc8676ed926f5d .text-icon .icon-inner:before,\n.icon-with-text-shortcode.icon-text-id-e64fc50a1ef359ca05fc8676ed926f5d .text-icon .icon-inner:after {\n  min-width: 100%;\n  min-height: 100%;\n  padding: inherit;\n  border-radius: inherit;\n}\n.icon-with-text-shortcode.icon-text-id-e64fc50a1ef359ca05fc8676ed926f5d .text-icon.dt-icon-border-on:before {\n  border-width: 2px;\n  border-style: solid;\n}\n.dt-icon-border-dashed.icon-with-text-shortcode.icon-text-id-e64fc50a1ef359ca05fc8676ed926f5d .text-icon.dt-icon-border-on:before {\n  border-style: dashed;\n}\n.dt-icon-border-dotted.icon-with-text-shortcode.icon-text-id-e64fc50a1ef359ca05fc8676ed926f5d .text-icon.dt-icon-border-on:before {\n  border-style: dotted;\n}\n.dt-icon-border-double.icon-with-text-shortcode.icon-text-id-e64fc50a1ef359ca05fc8676ed926f5d .text-icon.dt-icon-border-on:before {\n  border-style: double;\n}\n.icon-with-text-shortcode.icon-text-id-e64fc50a1ef359ca05fc8676ed926f5d .text-icon.dt-icon-border-dashed.dt-icon-border-on:before {\n  border-style: dashed;\n}\n.icon-with-text-shortcode.icon-text-id-e64fc50a1ef359ca05fc8676ed926f5d .text-icon.dt-icon-border-dotted.dt-icon-border-on:before {\n  border-style: dotted;\n}\n.icon-with-text-shortcode.icon-text-id-e64fc50a1ef359ca05fc8676ed926f5d .text-icon.dt-icon-border-double.dt-icon-border-on:before {\n  border-style: double;\n}\n.icon-with-text-shortcode.icon-text-id-e64fc50a1ef359ca05fc8676ed926f5d .text-icon.dt-icon-hover-border-on:after {\n  border-width: 2px;\n  border-style: solid;\n}\n.icon-with-text-shortcode.icon-text-id-e64fc50a1ef359ca05fc8676ed926f5d .text-icon.dt-icon-border-dashed.dt-icon-hover-border-on:after {\n  border-style: dashed;\n}\n.icon-with-text-shortcode.icon-text-id-e64fc50a1ef359ca05fc8676ed926f5d .text-icon.dt-icon-border-dotted.dt-icon-hover-border-on:after {\n  border-style: dotted;\n}\n.icon-with-text-shortcode.icon-text-id-e64fc50a1ef359ca05fc8676ed926f5d .text-icon.dt-icon-border-double.dt-icon-hover-border-on:after {\n  border-style: double;\n}\n.icon-with-text-shortcode.icon-text-id-e64fc50a1ef359ca05fc8676ed926f5d .text-icon.dt-icon-hover-on:hover {\n  font-size: 24px;\n}\n#page .icon-with-text-shortcode.icon-text-id-e64fc50a1ef359ca05fc8676ed926f5d .text-icon.dt-icon-hover-on:hover .soc-font-icon,\n#phantom .icon-with-text-shortcode.icon-text-id-e64fc50a1ef359ca05fc8676ed926f5d .text-icon.dt-icon-hover-on:hover .soc-font-icon,\n#page .icon-with-text-shortcode.icon-text-id-e64fc50a1ef359ca05fc8676ed926f5d .text-icon.dt-icon-hover-on:hover .soc-icon,\n#phantom .icon-with-text-shortcode.icon-text-id-e64fc50a1ef359ca05fc8676ed926f5d .text-icon.dt-icon-hover-on:hover .soc-icon {\n  color: #fff;\n  background: none;\n}\n.icon-with-text-shortcode.icon-text-id-e64fc50a1ef359ca05fc8676ed926f5d.layout-1 {\n  grid-template-columns: 30px minmax(0,1fr);\n  grid-column-gap: 10px;\n}\n.icon-with-text-shortcode.icon-text-id-e64fc50a1ef359ca05fc8676ed926f5d.layout-2 {\n  grid-template-columns: minmax(0,1fr) 30px;\n  grid-column-gap: 0px;\n}\n.icon-with-text-shortcode.icon-text-id-e64fc50a1ef359ca05fc8676ed926f5d.layout-2 .text-icon {\n  margin-left: 0;\n}\n.icon-with-text-shortcode.icon-text-id-e64fc50a1ef359ca05fc8676ed926f5d.layout-3 {\n  grid-template-columns: 30px minmax(0,1fr);\n}\n.icon-with-text-shortcode.icon-text-id-e64fc50a1ef359ca05fc8676ed926f5d.layout-3 .dt-text-title {\n  margin-left: 10px;\n}\n.icon-with-text-shortcode.icon-text-id-e64fc50a1ef359ca05fc8676ed926f5d .dt-text-title,\n.icon-with-text-shortcode.icon-text-id-e64fc50a1ef359ca05fc8676ed926f5d .dt-text-title a {\n  color: #b2aeae;\n  background: none;\n  font-size: 14px;\n  line-height: 26px;\n  font-weight: bold;\n  text-transform: uppercase;\n}\n.icon-with-text-shortcode.icon-text-id-e64fc50a1ef359ca05fc8676ed926f5d .dt-text-title {\n  margin-bottom: 0px;\n}\n.icon-with-text-shortcode.icon-text-id-e64fc50a1ef359ca05fc8676ed926f5d .dt-text-desc {\n  color: #333333;\n  background: none;\n  margin-bottom: 0px;\n}\n<\/style><div class=\"icon-with-text-shortcode  icon-text-id-e64fc50a1ef359ca05fc8676ed926f5d layout-1  vc_custom_1633524131334 \" ><span   class=\"text-icon dt-icon-bg-off dt-icon-hover-off\" ><span class=\"icon-inner\"><i class=\"dt-regular-icon soc-icon icomoon-the7-font-the7-mail-02\"><\/i><i class=\"dt-hover-icon soc-icon icomoon-the7-font-the7-mail-02\"><\/i><\/span><\/span><h5 class=\"dt-text-title\"  >CORREU ELECTR\u00d2NIC<\/h5><div class=\"dt-text-desc\">info@envasquim.com<\/div><\/div>[\/vc_column][vc_column width=&#8221;1\/2&#8243;]\n<div class=\"wpcf7 no-js\" id=\"wpcf7-f3180-o1\" lang=\"en-US\" dir=\"ltr\">\n<div class=\"screen-reader-response\"><p role=\"status\" aria-live=\"polite\" aria-atomic=\"true\"><\/p> <ul><\/ul><\/div>\n<form action=\"\/ca\/wp-json\/wp\/v2\/pages\/3181#wpcf7-f3180-o1\" method=\"post\" class=\"wpcf7-form init\" aria-label=\"Contact form\" novalidate=\"novalidate\" data-status=\"init\">\n<div style=\"display: none;\">\n<input type=\"hidden\" name=\"_wpcf7\" value=\"3180\" \/>\n<input type=\"hidden\" name=\"_wpcf7_version\" value=\"5.9.8\" \/>\n<input type=\"hidden\" name=\"_wpcf7_locale\" value=\"en_US\" \/>\n<input type=\"hidden\" name=\"_wpcf7_unit_tag\" value=\"wpcf7-f3180-o1\" \/>\n<input type=\"hidden\" name=\"_wpcf7_container_post\" value=\"0\" \/>\n<input type=\"hidden\" name=\"_wpcf7_posted_data_hash\" value=\"\" \/>\n<input type=\"hidden\" name=\"_wpcf7_recaptcha_response\" value=\"\" \/>\n<\/div>\n<p><span class=\"wpcf7-form-control-wrap\" data-name=\"your-name\"><input size=\"40\" maxlength=\"400\" class=\"wpcf7-form-control wpcf7-text wpcf7-validates-as-required\" aria-required=\"true\" aria-invalid=\"false\" placeholder=\"Nom i cognoms\" value=\"\" type=\"text\" name=\"your-name\" \/><\/span>\n<\/p>\n<p><span class=\"wpcf7-form-control-wrap\" data-name=\"your-email\"><input size=\"40\" maxlength=\"400\" class=\"wpcf7-form-control wpcf7-email wpcf7-validates-as-required wpcf7-text wpcf7-validates-as-email\" aria-required=\"true\" aria-invalid=\"false\" placeholder=\"Correu electr\u00f2nic\" value=\"\" type=\"email\" name=\"your-email\" \/><\/span>\n<\/p>\n<p><span class=\"wpcf7-form-control-wrap\" data-name=\"your-phone\"><input size=\"40\" maxlength=\"400\" class=\"wpcf7-form-control wpcf7-tel wpcf7-text wpcf7-validates-as-tel\" aria-invalid=\"false\" placeholder=\"Tel\u00e8fon\" value=\"\" type=\"tel\" name=\"your-phone\" \/><\/span>\n<\/p>\n<p><span class=\"wpcf7-form-control-wrap\" data-name=\"your-company\"><input size=\"40\" maxlength=\"400\" class=\"wpcf7-form-control wpcf7-text wpcf7-validates-as-required\" aria-required=\"true\" aria-invalid=\"false\" placeholder=\"Companyia\" value=\"\" type=\"text\" name=\"your-company\" \/><\/span>\n<\/p>\n<p><span class=\"wpcf7-form-control-wrap\" data-name=\"your-message\"><textarea cols=\"40\" rows=\"10\" maxlength=\"2000\" class=\"wpcf7-form-control wpcf7-textarea wpcf7-validates-as-required\" aria-required=\"true\" aria-invalid=\"false\" placeholder=\"Missatge\" name=\"your-message\"><\/textarea><\/span>\n<\/p>\n<p><span class=\"wpcf7-form-control-wrap\" data-name=\"acceptance\"><span class=\"wpcf7-form-control wpcf7-acceptance\"><span class=\"wpcf7-list-item\"><label><input type=\"checkbox\" name=\"acceptance\" value=\"1\" aria-invalid=\"false\" \/><span class=\"wpcf7-list-item-label\">He llegit i accepto la <a href=\"\/ca\/politica-de-privacitat\/\">Pol\u00edtica de privacitat<\/a> d'Envasquim.<\/span><\/label><\/span><\/span><\/span>\n<\/p>\n<p><input class=\"wpcf7-form-control wpcf7-submit has-spinner\" type=\"submit\" value=\"Envia\" \/>\n<\/p><div class=\"wpcf7-response-output\" aria-hidden=\"true\"><\/div>\n<\/form>\n<\/div>\n[\/vc_column][\/vc_row]<\/p>\n<\/div>","protected":false},"excerpt":{"rendered":"<p>[vc_row css=&#8221;.vc_custom_1633523926123{padding-top: 80px !important;padding-bottom: 100px !important;}&#8221;][vc_column width=&#8221;1\/2&#8243;][vc_empty_space][\/vc_column][vc_column width=&#8221;1\/2&#8243;][\/vc_column][\/vc_row]<\/p>\n","protected":false},"author":1,"featured_media":0,"parent":0,"menu_order":31,"comment_status":"closed","ping_status":"closed","template":"","meta":{"footnotes":""},"class_list":["post-3181","page","type-page","status-publish","hentry","description-off"],"_links":{"self":[{"href":"https:\/\/envasquim.com\/ca\/wp-json\/wp\/v2\/pages\/3181"}],"collection":[{"href":"https:\/\/envasquim.com\/ca\/wp-json\/wp\/v2\/pages"}],"about":[{"href":"https:\/\/envasquim.com\/ca\/wp-json\/wp\/v2\/types\/page"}],"author":[{"embeddable":true,"href":"https:\/\/envasquim.com\/ca\/wp-json\/wp\/v2\/users\/1"}],"replies":[{"embeddable":true,"href":"https:\/\/envasquim.com\/ca\/wp-json\/wp\/v2\/comments?post=3181"}],"version-history":[{"count":2,"href":"https:\/\/envasquim.com\/ca\/wp-json\/wp\/v2\/pages\/3181\/revisions"}],"predecessor-version":[{"id":3506,"href":"https:\/\/envasquim.com\/ca\/wp-json\/wp\/v2\/pages\/3181\/revisions\/3506"}],"wp:attachment":[{"href":"https:\/\/envasquim.com\/ca\/wp-json\/wp\/v2\/media?parent=3181"}],"curies":[{"name":"wp","href":"https:\/\/api.w.org\/{rel}","templated":true}]}}