{"id":3172,"date":"2019-12-13T05:10:45","date_gmt":"2019-12-13T03:10:45","guid":{"rendered":"http:\/\/envasquim.com\/empresa\/"},"modified":"2021-10-06T14:52:13","modified_gmt":"2021-10-06T12:52:13","slug":"empresa","status":"publish","type":"page","link":"https:\/\/envasquim.com\/ca\/empresa\/","title":{"rendered":"Empresa"},"content":{"rendered":"<div class=\"wpb-content-wrapper\"><p>[vc_row equal_height=&#8221;yes&#8221; content_placement=&#8221;middle&#8221; css=&#8221;.vc_custom_1579947953663{padding-top: 80px !important;padding-bottom: 40px !important;}&#8221; el_class=&#8221;phone-reverse-col&#8221;][vc_column width=&#8221;1\/2&#8243; offset=&#8221;vc_col-lg-6 vc_col-md-6 vc_col-xs-12&#8243; css=&#8221;.vc_custom_1579947663151{padding-bottom: 30px !important;}&#8221;]<div id=\"ultimate-heading-811369d86db1e5060\" class=\"uvc-heading ult-adjust-bottom-margin ultimate-heading-811369d86db1e5060 uvc-5688 accent-border-color\" data-hspacer=\"line_only\"  data-halign=\"left\" style=\"text-align:left\"><div class=\"uvc-main-heading ult-responsive\"  data-ultimate-target='.uvc-heading.ultimate-heading-811369d86db1e5060 h2'  data-responsive-json-new='{\"font-size\":\"mobile_landscape:24px;\",\"line-height\":\"mobile_landscape:34px;\"}' ><h2 style=\"font-weight:bold;margin-bottom:15px;\">Sobre nosaltres<\/h2><\/div><div class=\"uvc-heading-spacer line_only\" style=\"margin-bottom:30px;height:2px;\"><span class=\"uvc-headings-line\" style=\"border-style:solid;border-bottom-width:2px;border-color:;width:150px;\"><\/span><\/div><\/div>[vc_column_text css=&#8221;.vc_custom_1633524694702{padding-bottom: 20px !important;}&#8221;]L&#8217;any 2003, es funda l&#8217;empresa Envasquim, SL amb la col \u00b7 laboraci\u00f3 de socis amb m\u00e9s de vint anys d&#8217;experi\u00e8ncia en la fabricaci\u00f3 d&#8217;equips d&#8217;ompliment-tancat i equips de proc\u00e9s o fabricaci\u00f3.<\/p>\n<p>Inicialment la venda de tots els nostres equips va ser estenent-se r\u00e0pidament pel territori auton\u00f2mic. Poc despr\u00e9s, es consolida una estructura d&#8217;estudi i comercialitzaci\u00f3.<\/p>\n<p>Al llarg de tots aquests anys, els equips de Envasquim han anat estenent-se per tot l&#8217;\u00e0mbit nacional i internacional donant una completa i eficient cobertura per tot el pa\u00eds i Comunitat Europea, seguint sempre tots els nostres projectes m\u00e9s enll\u00e0 de la seva entrega i creant excel \u00b7 lents vincles amb els nostres clients, ja que la nostra filosofia sempre ha estat que la nostra millor propaganda, \u00e9s un equip ben fet.[\/vc_column_text][vc_row_inner][vc_column_inner css=&#8221;.vc_custom_1579944610612{padding-bottom: 20px !important;}&#8221; offset=&#8221;vc_col-lg-12 vc_col-md-12&#8243;]<style type=\"text\/css\" data-type=\"the7_shortcodes-inline-css\">#default-btn-1427b2fae3da1d41196fc78c952ff01a.ico-right-side > i {\n  margin-right: 0px;\n  margin-left: 8px;\n}\n#default-btn-1427b2fae3da1d41196fc78c952ff01a > i {\n  margin-right: 8px;\n}\n<\/style><a href=\"\/ca\/contacte\/\" class=\"default-btn-shortcode dt-btn dt-btn-s link-hover-off btn-inline-left  vc_custom_1633524711884\" id=\"default-btn-1427b2fae3da1d41196fc78c952ff01a\"><span>Contacte<\/span><\/a><style type=\"text\/css\" data-type=\"the7_shortcodes-inline-css\">#default-btn-3098e6e50af1720f7b9a337932783282.ico-right-side > i {\n  margin-right: 0px;\n  margin-left: 8px;\n}\n#default-btn-3098e6e50af1720f7b9a337932783282 > i {\n  margin-right: 8px;\n}\n<\/style><a href=\"\/ca\/productes\/\" class=\"default-btn-shortcode dt-btn dt-btn-s link-hover-off btn-inline-left  vc_custom_1633524730042\" id=\"default-btn-3098e6e50af1720f7b9a337932783282\" title=\"Productes\"><span>Cat\u00e0leg de productes<\/span><\/a>[\/vc_column_inner][\/vc_row_inner][\/vc_column][vc_column width=&#8221;1\/2&#8243; css=&#8221;.vc_custom_1579947671531{padding-bottom: 40px !important;}&#8221; offset=&#8221;vc_col-lg-6 vc_col-md-6 vc_col-xs-12&#8243;]<style type=\"text\/css\" data-type=\"the7_shortcodes-inline-css\">.shortcode-single-image-wrap.shortcode-single-image-5ff170be088250f8e4ec571d5958c6e3.enable-bg-rollover .rollover i,\n.shortcode-single-image-wrap.shortcode-single-image-5ff170be088250f8e4ec571d5958c6e3.enable-bg-rollover .rollover-video i {\n  background: -webkit-linear-gradient();\n  background: linear-gradient();\n}\n.shortcode-single-image-wrap.shortcode-single-image-5ff170be088250f8e4ec571d5958c6e3 .rollover-icon {\n  font-size: 32px;\n  color: #ffffff;\n  min-width: 44px;\n  min-height: 44px;\n  line-height: 44px;\n  border-radius: 100px;\n  border-style: solid;\n  border-width: 0px;\n}\n.dt-icon-bg-on.shortcode-single-image-wrap.shortcode-single-image-5ff170be088250f8e4ec571d5958c6e3 .rollover-icon {\n  background: rgba(255,255,255,0.3);\n  box-shadow: none;\n}\n<\/style><div class=\"shortcode-single-image-wrap shortcode-single-image-5ff170be088250f8e4ec571d5958c6e3 alignnone  enable-bg-rollover dt-icon-bg-off\" style=\"margin-top:0px; margin-bottom:0px; margin-left:0px; margin-right:0px; width:1200px;\"><div class=\"shortcode-single-image\"><div class=\"fancy-media-wrap  layzr-bg\" style=\"\"><img fetchpriority=\"high\" decoding=\"async\" class=\"preload-me lazy-load aspect\" src=\"data:image\/svg+xml,%3Csvg%20xmlns%3D&#39;http%3A%2F%2Fwww.w3.org%2F2000%2Fsvg&#39;%20viewBox%3D&#39;0%200%201200%201200&#39;%2F%3E\" data-src=\"https:\/\/envasquim.com\/wp-content\/uploads\/2021\/10\/office-gdec3e1c32_1920-1200x1200.jpg\" data-srcset=\"https:\/\/envasquim.com\/wp-content\/uploads\/2021\/10\/office-gdec3e1c32_1920-1200x1200.jpg 1200w, https:\/\/envasquim.com\/wp-content\/uploads\/2021\/10\/office-gdec3e1c32_1920-1280x1281.jpg 1280w\" loading=\"eager\" sizes=\"(max-width: 1200px) 100vw, 1200px\" width=\"1200\" height=\"1200\"  data-dt-location=\"https:\/\/envasquim.com\/ca\/empresa\/office-gdec3e1c32_1920\/\" style=\"--ratio: 1200 \/ 1200;\" alt=\"\" \/><\/div><\/div><\/div>[\/vc_column][\/vc_row]<\/p>\n<\/div>","protected":false},"excerpt":{"rendered":"<p>[vc_row equal_height=&#8221;yes&#8221; content_placement=&#8221;middle&#8221; css=&#8221;.vc_custom_1579947953663{padding-top: 80px !important;padding-bottom: 40px !important;}&#8221; el_class=&#8221;phone-reverse-col&#8221;][vc_column width=&#8221;1\/2&#8243; offset=&#8221;vc_col-lg-6 vc_col-md-6 vc_col-xs-12&#8243; css=&#8221;.vc_custom_1579947663151{padding-bottom: 30px !important;}&#8221;][vc_column_text css=&#8221;.vc_custom_1633524694702{padding-bottom: 20px !important;}&#8221;]L&#8217;any 2003, es funda l&#8217;empresa Envasquim, SL amb la col \u00b7 laboraci\u00f3 de socis amb m\u00e9s de vint anys d&#8217;experi\u00e8ncia en la fabricaci\u00f3 d&#8217;equips d&#8217;ompliment-tancat i equips de proc\u00e9s o fabricaci\u00f3. Inicialment la venda de tots els&hellip;<\/p>\n","protected":false},"author":1,"featured_media":0,"parent":0,"menu_order":5,"comment_status":"closed","ping_status":"closed","template":"","meta":{"footnotes":""},"class_list":["post-3172","page","type-page","status-publish","hentry","description-off"],"_links":{"self":[{"href":"https:\/\/envasquim.com\/ca\/wp-json\/wp\/v2\/pages\/3172"}],"collection":[{"href":"https:\/\/envasquim.com\/ca\/wp-json\/wp\/v2\/pages"}],"about":[{"href":"https:\/\/envasquim.com\/ca\/wp-json\/wp\/v2\/types\/page"}],"author":[{"embeddable":true,"href":"https:\/\/envasquim.com\/ca\/wp-json\/wp\/v2\/users\/1"}],"replies":[{"embeddable":true,"href":"https:\/\/envasquim.com\/ca\/wp-json\/wp\/v2\/comments?post=3172"}],"version-history":[{"count":2,"href":"https:\/\/envasquim.com\/ca\/wp-json\/wp\/v2\/pages\/3172\/revisions"}],"predecessor-version":[{"id":3175,"href":"https:\/\/envasquim.com\/ca\/wp-json\/wp\/v2\/pages\/3172\/revisions\/3175"}],"wp:attachment":[{"href":"https:\/\/envasquim.com\/ca\/wp-json\/wp\/v2\/media?parent=3172"}],"curies":[{"name":"wp","href":"https:\/\/api.w.org\/{rel}","templated":true}]}}