{"id":3112,"date":"2021-10-01T09:38:26","date_gmt":"2021-10-01T09:38:26","guid":{"rendered":"http:\/\/envasquim.com\/politica-de-privacidad\/"},"modified":"2021-10-06T12:50:11","modified_gmt":"2021-10-06T10:50:11","slug":"politica-de-privacitat","status":"publish","type":"page","link":"https:\/\/envasquim.com\/ca\/politica-de-privacitat\/","title":{"rendered":"Pol\u00edtica de privacitat"},"content":{"rendered":"<div class=\"container-full\">\n<div class=\"container\">\n<div class=\"row\">\n<div class=\"col-sm-12\">\n<article id=\"content\" class=\"copy-text\">\n<div class=\"paper\">\n<h2>POL\u00cdTICA DE PRIVACITAT DEL LLOC WEB<\/h2>\n<p><strong>https:\/\/envasquim.com\/<\/strong><\/p>\n<p>&nbsp;<\/p>\n<h3>I. POL\u00cdTICA DE PRIVACITAT I PROTECCI\u00d3 DE DADES<\/h3>\n<p>Respectant el que estableix la legislaci\u00f3 vigent, ENVASQUIM (en endavant, tamb\u00e9 Lloc Web) es compromet a adoptar les mesures t\u00e8cniques i organitzatives necess\u00e0ries, segons el nivell de seguretat adequat a el risc de les dades recollides.<\/p>\n<h4>Lleis que incorpora aquesta pol\u00edtica de privacitat<\/h4>\n<p>Aquesta pol\u00edtica de privacitat est\u00e0 adaptada a la normativa espanyola i europea vigent en mat\u00e8ria de protecci\u00f3 de dades personals a internet. En concret, la mateixa respecta les normes seg\u00fcents:<\/p>\n<ul>\n<li>El Reglament (UE) 2016\/679 de el Parlament Europeu i de Consell, de 27 d&#8217;abril de 2016, relatiu a la protecci\u00f3 de les persones f\u00edsiques pel que fa a el tractament de dades personals ia la lliure circulaci\u00f3 d&#8217;aquestes dades (RGPD).<\/li>\n<li>La Llei Org\u00e0nica 3\/2018, de 5 de desembre, de Protecci\u00f3 de Dades Personals i garantia dels drets digitals (LOPD-GDD).<\/li>\n<li>El Reial Decret 1720\/2007, de 21 de desembre, pel qual s&#8217;aprova el Reglament de desenvolupament de la Llei Org\u00e0nica 15\/1999, de 13 de desembre, de protecci\u00f3 de dades de car\u00e0cter personal (RDLOPD).<\/li>\n<li>La Llei 34\/2002, de 11 de juliol, de Serveis de la Societat de la Informaci\u00f3 i de Comer\u00e7 Electr\u00f2nic (LSSI-CE).<\/li>\n<\/ul>\n<div>\n<h4>Identitat de l&#8217;responsable de l&#8217;tractament de les dades personals<\/h4>\n<p>El responsable de l&#8217;tractament de les dades personals recollides en ENVASQUIM \u00e9s:, prove\u00efda de NIF: i inscrit en: amb les seg\u00fcents dades registrals:, el representant \u00e9s: ENVASQUIM (en endavant, responsable de l&#8217;tractament). Les seves dades de contacte s\u00f3n les seg\u00fcents:<\/p>\n<p>Direcci\u00f3: Olzinelles, 23-17.404 Riells i Viabrea (Girona)<\/p>\n<p>Tel\u00e8fon de contacte: 93.847.18.65<\/p>\n<p>E-mail de contacte: info@envasquim.com<\/p>\n<h4>Registre de dades de car\u00e0cter personal<\/h4>\n<p>En compliment del que estableix el RGPD i la LOPD-GDD, l&#8217;informem que les dades personals recollides per ENVASQUIM, mitjan\u00e7ant els formularis facilitats a les seves p\u00e0gines quedaran incorporades i seran tractades en el nostre fitxer amb la finalitat de poder facilitar, agilitzar i complir els compromisos establerts entre ENVASQUIM i l&#8217;Usuari o el manteniment de la relaci\u00f3 que s&#8217;estableixi en els formularis que aquest ompli, o per atendre una sol\u00b7licitud o consulta d&#8217;aquest. Aix\u00ed mateix, de conformitat amb el que preveu el RGPD i la LOPD-GDD, llevat que sigui aplicable l&#8217;excepci\u00f3 prevista en l&#8217;article 30.5 de l&#8217;RGPD, es Mantine un registre d&#8217;activitats de tractament que especifica, segons les seves finalitats, les activitats de tractament dutes a terme i les altres circumst\u00e0ncies establertes en el RGPD.<\/p>\n<h4>Principis aplicables a l&#8217;tractament de les dades personals<\/h4>\n<p>El tractament de les dades personals de l&#8217;Usuari es sotmetr\u00e0 als seg\u00fcents principis recollits en l&#8217;article 5 de l&#8217;RGPD i en l&#8217;article 4 i seg\u00fcents de la Llei Org\u00e0nica 3\/2018, de 5 de desembre, de Protecci\u00f3 de Dades Personals i garantia dels drets digitals:<\/p>\n<ul>\n<li>Principi de licitud, lleialtat i transpar\u00e8ncia: es requerir\u00e0 en tot moment el consentiment de l&#8217;Usuari pr\u00e8via informaci\u00f3 completament transparent dels fins per als quals es recullen les dades personals.<\/li>\n<li>Principi de limitaci\u00f3 de la finalitat: les dades personals seran recollides amb fins determinats, expl\u00edcits i leg\u00edtims.<\/li>\n<li>Principi de minimitzaci\u00f3 de dades: les dades personals recollides seran \u00fanicament les estrictament necess\u00e0ries en relaci\u00f3 amb els fins per als quals s\u00f3n tractats.<\/li>\n<li>Principi d&#8217;exactitud: les dades personals han de ser exactes i estar sempre actualitzats.<\/li>\n<li>Principi de limitaci\u00f3 de l&#8217;termini de conservaci\u00f3: les dades personals nom\u00e9s seran mantinguts de manera que es permeti la identificaci\u00f3 de l&#8217;Usuari durant el temps necessari per als fins del seu tractament.<\/li>\n<li>Principi d&#8217;integritat i confidencialitat: les dades personals seran tractades de manera que es garanteixi la seva seguretat i confidencialitat.<\/li>\n<li>Principi de responsabilitat proactiva: el responsable de l&#8217;tractament ser\u00e0 responsable d&#8217;assegurar que els principis anteriors es compleixen.<\/li>\n<\/ul>\n<h4>Categories de dades personals<\/h4>\n<p>Les categories de dades que es tracten en ENVASQUIM s\u00f3n \u00fanicament dades identificatives. En cap cas, es tracten categories especials de dades personals en el sentit de l&#8217;article 9 de l&#8217;RGPD.<\/p>\n<h4>Base legal per al tractament de les dades personals<\/h4>\n<p>La base legal per al tractament de les dades personals \u00e9s el consentiment. ENVASQUIM es compromet a demanar el consentiment expr\u00e9s i verificable de l&#8217;Usuari per al tractament de les seves dades personals per a un o diversos fins espec\u00edfics.<\/p>\n<p>L&#8217;Usuari tindr\u00e0 dret a retirar el seu consentiment en qualsevol moment. Ser\u00e0 tan f\u00e0cil retirar el consentiment com donar-lo. Com a regla general, la retirada de l&#8217;consentiment no condicionar\u00e0 l&#8217;\u00fas del Lloc Web.<\/p>\n<p>En les ocasions en qu\u00e8 l&#8217;Usuari hagi de o pugui facilitar les seves dades a trav\u00e9s de formularis per realitzar consultes, sol\u00b7licitar informaci\u00f3 o per motius relacionats amb el contingut del Lloc Web, se li informar\u00e0 en cas que la formalitzaci\u00f3 d&#8217;algun d&#8217;ells sigui obligat\u00f2ria pel fet que els mateixos siguin imprescindibles per al correcte desenvolupament de l&#8217;operaci\u00f3 realitzada.<\/p>\n<h4>Caps de el tractament a qu\u00e8 es destinen les dades personals<\/h4>\n<p>Les dades personals s\u00f3n recollides i gestionats per ENVASQUIM amb la finalitat de poder facilitar, agilitzar i complir els compromisos establerts entre el Lloc Web i l&#8217;Usuari o el manteniment de la relaci\u00f3 que s&#8217;estableixi en els formularis que aquest \u00faltim ompli o per atendre una sol\u00b7licitud o consulta.<\/p>\n<p>Igualment, les dades podran ser utilitzades amb una finalitat comercial de personalitzaci\u00f3, operativa i estad\u00edstica, i activitats pr\u00f2pies de l&#8217;objecte social de ENVASQUIM, aix\u00ed com per a l&#8217;extracci\u00f3, emmagatzematge de dades i estudis de m\u00e0rqueting per adequar al Contingut ofert a l&#8217;Usuari, aix\u00ed com millorar la qualitat, funcionament i navegaci\u00f3 pel Lloc Web.<\/p>\n<p>En el moment en qu\u00e8 s&#8217;obtinguin les dades personals, s&#8217;informar\u00e0 l&#8217;Usuari sobre la finalitat o finalitats espec\u00edfiques de el tractament a qu\u00e8 es destinaran les dades personals; \u00e9s a dir, de l&#8217;\u00fas o usos que es donar\u00e0 a la informaci\u00f3 recopilada.<\/p>\n<h4>Per\u00edodes de retenci\u00f3 de les dades personals<\/h4>\n<p>Les dades personals nom\u00e9s seran retinguts durant el temps m\u00ednim necessari per als fins del seu tractament i, en tot cas, \u00fanicament durant el seg\u00fcent termini: 2 anys, o fins que l&#8217;Usuari sol\u00b7liciti la seva supressi\u00f3.<\/p>\n<p>En el moment en qu\u00e8 s&#8217;obtinguin les dades personals, s&#8217;informar\u00e0 l&#8217;Usuari sobre el termini durant el qual es conservaran les dades personals o, quan aix\u00f2 no sigui possible, els criteris utilitzats per determinar aquest termini.<\/p>\n<h4>Destinataris de les dades personals<\/h4>\n<p>Les dades personals de l&#8217;Usuari no seran compartides amb tercers.<\/p>\n<p>En qualsevol cas, en el moment en qu\u00e8 s&#8217;obtinguin les dades personals, s&#8217;informar\u00e0 l&#8217;Usuari sobre els destinataris o les categories de destinataris de les dades personals.<\/p>\n<h4>Dades personals de menors d&#8217;edat<\/h4>\n<p>Respectant el que estableixen els articles 8 de la RGPD i 7 de la Llei Org\u00e0nica 3\/2018, de 5 de desembre, de Protecci\u00f3 de Dades Personals i garantia dels drets digitals, nom\u00e9s els majors de 14 anys podran atorgar el seu consentiment per al tractament de les seves dades personals de forma l\u00edcita per ENVASQUIM. Si es tracta d&#8217;un menor de 14 anys, ser\u00e0 necessari el consentiment dels pares o tutors per al tractament, i aquest sol es considerar\u00e0 l\u00edcit en la mesura en qu\u00e8 els mateixos ho hagin autoritzat.<\/p>\n<h4>Secret i seguretat de les dades personals<\/h4>\n<p>ENVASQUIM es compromet a adoptar les mesures t\u00e8cniques i organitzatives necess\u00e0ries, segons el nivell de seguretat adequat a el risc de les dades recollides, de manera que es garanteixi la seguretat de les dades de car\u00e0cter personal i s&#8217;eviti la destrucci\u00f3, p\u00e8rdua o alteraci\u00f3 accidental o il\u00b7l\u00edcita de dades personals transmeses, conservats o tractats d&#8217;una altra manera, o la comunicaci\u00f3 o acc\u00e9s no autoritzats a les esmentades dades.<\/p>\n<p>El lloc web disposa d&#8217;un certificat SSL (Secure Socket Layer), que assegura que les dades personals es transmeten de forma segura i confidencial, a l&#8217;\u00e9sser la transmissi\u00f3 de les dades entre el servidor i l&#8217;usuari, i en retroalimentaci\u00f3, totalment xifrada o encriptada .<\/p>\n<p>No obstant aix\u00f2, pel fet que ENVASQUIM no pot garantir la inexpugabilidad d&#8217;internet ni l&#8217;abs\u00e8ncia total de hackers o d&#8217;altres que accedeixin de manera fraudulenta a les dades personals, el responsable de l&#8217;tractament es compromet a comunicar a l&#8217;Usuari sense dilaci\u00f3 indeguda quan passi una violaci\u00f3 de la seguretat de les dades personals que sigui probable que comporti un alt risc per als drets i llibertats de les persones f\u00edsiques. Seguint el que estableix l&#8217;article 4 de l&#8217;RGPD, s&#8217;ent\u00e9n per violaci\u00f3 de la seguretat de les dades personals tota violaci\u00f3 de la seguretat que ocasioni la destrucci\u00f3, p\u00e8rdua o alteraci\u00f3 accidental o il\u00b7l\u00edcita de dades personals transmeses, conservats o tractats d&#8217;una altra manera, o la comunicaci\u00f3 o acc\u00e9s no autoritzats a les esmentades dades.<\/p>\n<p>Les dades personals seran tractades com a confidencials pel responsable de l&#8217;tractament, qui es compromet a informar de ia garantir per mitj\u00e0 d&#8217;una obligaci\u00f3 legal o contractual que aquesta confidencialitat sigui respectada pels seus empleats, associats, i tota persona a la qual li faci accessible la informaci\u00f3.<\/p>\n<h4>Drets derivats de l&#8217;tractament de les dades personals<\/h4>\n<p>L&#8217;Usuari t\u00e9 sobre ENVASQUIM i podr\u00e0, per tant, exercir davant el responsable de l&#8217;tractament dels seg\u00fcents drets reconeguts en el RGPD i la Llei Org\u00e0nica 3\/2018, de 5 de desembre, de Protecci\u00f3 de Dades Personals i garantia dels drets digitals:<\/p>\n<ul>\n<li>Dret d&#8217;acc\u00e9s: \u00c9s el dret de l&#8217;Usuari a obtenir confirmaci\u00f3 de si ENVASQUIM est\u00e0 tractant o no les seves dades personals i, en cas afirmatiu, obtenir informaci\u00f3 sobre les seves dades concretes de car\u00e0cter personal i de el tractament que ENVASQUIM hagi realitzat o realitzi, aix\u00ed com, entre altra, de la informaci\u00f3 disponible sobre l&#8217;origen d&#8217;aquestes dades i dels destinataris de les comunicacions realitzades o previstes dels mateixos.<\/li>\n<li>Dret de rectificaci\u00f3: \u00c9s el dret de l&#8217;Usuari a que es modifiquin les seves dades personals que siguin inexactes o, tenint en compte els caps de el tractament, incomplets.<\/li>\n<li>Dret de supressi\u00f3 ( &#8220;el dret a l&#8217;oblit&#8221;): \u00c9s el dret de l&#8217;Usuari, sempre que la legislaci\u00f3 vigent no estableixi el contrari, a obtenir la supressi\u00f3 de les seves dades personals quan aquests ja no siguin necessaris per als fins per als quals van ser recollits o tractats; l&#8217;Usuari hagi retirat el seu consentiment a l&#8217;tractament i aquest no compti amb una altra base legal; l&#8217;Usuari s&#8217;oposi a el tractament i no hi hagi un altre motiu leg\u00edtim per continuar amb el mateix; les dades personals hagin estat tractats il\u00edcitamentemente; les dades personals hagin de suprimir-se en compliment d&#8217;una obligaci\u00f3 legal; o les dades personals hagin estat obtinguts producte d&#8217;una oferta directa de serveis de la societat de la informaci\u00f3 a un menor de 14 anys. A m\u00e9s de suprimir les dades, el responsable de l&#8217;tractament, tenint en compte la tecnologia disponible i el cost de la seva aplicaci\u00f3, ha d&#8217;adoptar mesures raonables per informar els responsables que estiguin tractant les dades personals de la sol\u00b7licitud d&#8217;l&#8217;interessat de supressi\u00f3 de qualsevol enlla\u00e7 a aquestes dades personals.<\/li>\n<li>Dret a la limitaci\u00f3 de l&#8217;tractament: \u00c9s el dret de l&#8217;Usuari a limitar el tractament de les seves dades personals. L&#8217;Usuari t\u00e9 dret a obtenir la limitaci\u00f3 de l&#8217;tractament quan impugni l&#8217;exactitud de les seves dades personals; el tractament sigui il\u00b7l\u00edcit; el responsable de l&#8217;tractament ja no necessiti les dades personals, per\u00f2 l&#8217;Usuari ho necessiti per fer reclamacions; i quan l&#8217;Usuari s&#8217;hagi oposat a el tractament.<\/li>\n<li>Dret a la portabilitat de les dades: En el cas que el tractament s&#8217;efectu\u00ef per mitjans automatitzats, l&#8217;Usuari tindr\u00e0 dret a rebre de l&#8217;responsable de l&#8217;tractament les seves dades personals en un format estructurat, d&#8217;\u00fas com\u00fa i lectura mec\u00e0nica, ja transmetre&#8217;ls a un altre responsable de el tractament. Sempre que sigui t\u00e8cnicament possible, el responsable de l&#8217;tractament transmetr\u00e0 directament les dades a aquest altre responsable.<\/li>\n<li>Dret d&#8217;oposici\u00f3: \u00c9s el dret de l&#8217;Usuari a que no es dugui a terme el tractament de les seves dades de car\u00e0cter personal o se cessi el tractament dels mateixos per part de ENVASQUIM.<\/li>\n<li>Dret a no ser a no ser objecte d&#8217;una decisi\u00f3 basada \u00fanicament en el tractament automatitzat, inclosa l&#8217;elaboraci\u00f3 de perfils: \u00c9s el dret de l&#8217;Usuari a no ser objecte d&#8217;una decisi\u00f3 individualitzada basada \u00fanicament en el tractament automatitzat de les seves dades personals, incloent-hi la elaboraci\u00f3 de perfils, existent llevat que la legislaci\u00f3 vigent estableixi el contrari.<\/li>\n<\/ul>\n<p>Aix\u00ed doncs, l&#8217;Usuari podr\u00e0 exercitar els seus drets mitjan\u00e7ant comunicaci\u00f3 escrita dirigida a el responsable de l&#8217;tractament amb la refer\u00e8ncia &#8220;RGPD-http: \/\/envasquim.com\/&#8221;, especificant:<\/p>\n<ul>\n<li>Nom, cognoms de l&#8217;Usuari i c\u00f2pia de l&#8217;DNI. En els casos en qu\u00e8 s&#8217;admeti la representaci\u00f3, ser\u00e0 tamb\u00e9 necess\u00e0ria la identificaci\u00f3 pel mateix mitj\u00e0 de la persona que representa l&#8217;Usuari, aix\u00ed com el document acreditatiu de la representaci\u00f3. La fotoc\u00f2pia de l&#8217;DNI podr\u00e0 ser substitu\u00efda, per qualsevol altre mitj\u00e0 v\u00e0lid en dret que acrediti la identitat.<\/li>\n<li>Petici\u00f3 amb els motius espec\u00edfics de la sol\u00b7licitud o informaci\u00f3 a la qual es vol accedir.<\/li>\n<li>Domicili a efecte de notificacions.<\/li>\n<li>Data i signatura de la persona sol\u00b7licitant.<\/li>\n<li>Tot document que acrediti la petici\u00f3 que formula.<\/li>\n<\/ul>\n<p>Aquesta sol\u00b7licitud i tot altre document adjunt podr\u00e0 enviar-se a la seg\u00fcent direcci\u00f3 i \/ o correu electr\u00f2nic:<\/p>\n<p>Adre\u00e7a postal: Olzinelles, 23-17.404 Riells i Viabrea (Girona)<\/p>\n<p>Correu electr\u00f2nic: info@envasquim.com<\/p>\n<h4>Enlla\u00e7os a llocs web de tercers<\/h4>\n<p>El lloc web pot incloure enlla\u00e7os o enlla\u00e7os que permeten accedir a p\u00e0gines web de tercers diferents de ENVASQUIM, i que per tant no s\u00f3n operats per ENVASQUIM. Els titulars d&#8217;aquests llocs web de disposar de les seves pr\u00f2pies pol\u00edtiques de protecci\u00f3 de dades, sent ells mateixos, en cada cas, responsables dels seus propis fitxers i de les seves pr\u00f2pies pr\u00e0ctiques de privacitat.<\/p>\n<h4>Reclamacions davant l&#8217;autoritat de control<\/h4>\n<p>En cas que l&#8217;Usuari consideri que existeix un problema o infracci\u00f3 de la normativa vigent en la forma en qu\u00e8 s&#8217;estan tractant les seves dades personals, t\u00e9 dret a la tutela judicial efectiva ia presentar una reclamaci\u00f3 davant d&#8217;una autoritat de control, en particular, a l&#8217;Estat en el qual tingui la seva resid\u00e8ncia habitual, lloc de treball o lloc de la suposada infracci\u00f3. En el cas d&#8217;Espanya, l&#8217;autoritat de control \u00e9s l&#8217;Ag\u00e8ncia Espanyola de Protecci\u00f3 de Dades (http:\/\/www.agpd.es).<\/p>\n<h3>II. ACCEPTACI\u00d3 I CANVIS EN AQUESTA POL\u00cdTICA DE PRIVACITAT<\/h3>\n<p>Cal que l&#8217;Usuari hagi llegit i estigui d&#8217;acord amb les condicions sobre la protecci\u00f3 de dades de car\u00e0cter personal contingudes en aquesta pol\u00edtica de privacitat, aix\u00ed com que accepti el tractament de les seves dades personals perqu\u00e8 el responsable de l&#8217;tractament pugui procedir a la mateixa a la Aix\u00ed, durant els terminis i per a les finalitats indicades. L&#8217;\u00fas del Lloc Web implicar\u00e0 l&#8217;acceptaci\u00f3 de la Pol\u00edtica de Privacitat de la mateixa.<\/p>\n<p>ENVASQUIM es reserva el dret a modificar la seva Pol\u00edtica de Privadesa, d&#8217;acord al seu propi criteri, o motivat per un canvi legislatiu, jurisprudencial o doctrinal de l&#8217;Ag\u00e8ncia Espanyola de Protecci\u00f3 de Dades. Els canvis o actualitzacions d&#8217;aquesta Pol\u00edtica de Privacitat no seran notificats de forma expl\u00edcita a l&#8217;Usuari. Es recomana a l&#8217;Usuari consultar aquesta p\u00e0gina de manera peri\u00f2dica per estar a l&#8217;tant dels canvis o actualitzacions.<\/p>\n<p>Aquesta pol\u00edtica de privacitat va ser actualitzada per adaptar-se a l&#8217;Reglament (UE) 2016\/679 de el Parlament Europeu i de Consell, de 27 d&#8217;abril de 2016, relatiu a la protecci\u00f3 de les persones f\u00edsiques pel que fa a el tractament de dades personals ia la lliure circulaci\u00f3 d&#8217;aquestes dades (RGPD) ia la Llei Org\u00e0nica 3\/2018, de 5 de desembre, de Protecci\u00f3 de dades Personals i garantia dels drets digitals.<\/p>\n<p>Aquest document de Pol\u00edtica de Privacitat d&#8217;un lloc web ha estat creat mitjan\u00e7ant el generador de plantilla de pol\u00edtica de privacitat en l\u00ednia el dia 2021.07.01.<\/p>\n<\/div>\n<\/div>\n<\/article>\n<\/div>\n<\/div>\n<\/div>\n<\/div>\n","protected":false},"excerpt":{"rendered":"<p>POL\u00cdTICA DE PRIVACITAT DEL LLOC WEB https:\/\/envasquim.com\/ &nbsp; I. POL\u00cdTICA DE PRIVACITAT I PROTECCI\u00d3 DE DADES Respectant el que estableix la legislaci\u00f3 vigent, ENVASQUIM (en endavant, tamb\u00e9 Lloc Web) es compromet a adoptar les mesures t\u00e8cniques i organitzatives necess\u00e0ries, segons el nivell de seguretat adequat a el risc de les dades recollides. Lleis que incorpora&hellip;<\/p>\n","protected":false},"author":1,"featured_media":0,"parent":0,"menu_order":0,"comment_status":"closed","ping_status":"closed","template":"","meta":{"footnotes":""},"class_list":["post-3112","page","type-page","status-publish","hentry","description-off"],"_links":{"self":[{"href":"https:\/\/envasquim.com\/ca\/wp-json\/wp\/v2\/pages\/3112"}],"collection":[{"href":"https:\/\/envasquim.com\/ca\/wp-json\/wp\/v2\/pages"}],"about":[{"href":"https:\/\/envasquim.com\/ca\/wp-json\/wp\/v2\/types\/page"}],"author":[{"embeddable":true,"href":"https:\/\/envasquim.com\/ca\/wp-json\/wp\/v2\/users\/1"}],"replies":[{"embeddable":true,"href":"https:\/\/envasquim.com\/ca\/wp-json\/wp\/v2\/comments?post=3112"}],"version-history":[{"count":2,"href":"https:\/\/envasquim.com\/ca\/wp-json\/wp\/v2\/pages\/3112\/revisions"}],"predecessor-version":[{"id":3118,"href":"https:\/\/envasquim.com\/ca\/wp-json\/wp\/v2\/pages\/3112\/revisions\/3118"}],"wp:attachment":[{"href":"https:\/\/envasquim.com\/ca\/wp-json\/wp\/v2\/media?parent=3112"}],"curies":[{"name":"wp","href":"https:\/\/api.w.org\/{rel}","templated":true}]}}